{"id":1476,"date":"2019-06-25T12:47:38","date_gmt":"2019-06-25T10:47:38","guid":{"rendered":"https:\/\/saint-nazaire-sainte-marie-immaculee.fr\/?page_id=1476"},"modified":"2025-07-08T18:30:32","modified_gmt":"2025-07-08T16:30:32","slug":"accueil-periscolaire-du-mercredi","status":"publish","type":"page","link":"https:\/\/saint-nazaire-sainte-marie-immaculee.fr\/index.php\/accueil-periscolaire-du-mercredi\/","title":{"rendered":"R\u00e9servations cantine et p\u00e9riscolaire."},"content":{"rendered":"<p><a href=\"https:\/\/noefil.fr\/portail?auth_token=YzRhZGUzNzYtOThhNS00Njk2LWJkMTUtYzU3OTFlNzY1MTRh\">R\u00e9servation restauration<\/a><\/p>\n<p><a href=\"https:\/\/saint-nazaire-sainte-marie-immaculee.fr\/index.php\/menus-de-periode\/\">Menus de la p\u00e9riode \u00e0 la cantine<\/a><\/p>\n<p><a href=\"https:\/\/perisco.saint-nazaire-sainte-marie-immaculee.fr\">Accueil p\u00e9riscolaire<\/a><\/p>\n<p><a href=\"https:\/\/perisco.saint-nazaire-sainte-marie-immaculee.fr\/doc_perisco.pdf\" target=\"_blank\" rel=\"noopener\">Documentation de l&rsquo;interface d&rsquo;inscription au p\u00e9riscolaire<\/a><\/p>\n<p>&nbsp;<\/p>\n","protected":false},"excerpt":{"rendered":"<p>R\u00e9servation restauration Menus de la p\u00e9riode \u00e0 la cantine Accueil p\u00e9riscolaire Documentation de l&rsquo;interface d&rsquo;inscription au p\u00e9riscolaire &nbsp;<\/p>\n","protected":false},"author":3,"featured_media":0,"parent":0,"menu_order":0,"comment_status":"closed","ping_status":"closed","template":"","meta":{"ngg_post_thumbnail":0,"footnotes":""},"yoast_head":"<!-- This site is optimized with the Yoast SEO plugin v23.5 - https:\/\/yoast.com\/wordpress\/plugins\/seo\/ -->\n<title>R\u00e9servations cantine et p\u00e9riscolaire. - Ecole Sainte Marie de l&#039;Immacul\u00e9e Saint Nazaire<\/title>\n<meta name=\"robots\" content=\"index, follow, max-snippet:-1, max-image-preview:large, max-video-preview:-1\" \/>\n<link rel=\"canonical\" href=\"https:\/\/saint-nazaire-sainte-marie-immaculee.fr\/index.php\/accueil-periscolaire-du-mercredi\/\" \/>\n<meta property=\"og:locale\" content=\"fr_FR\" \/>\n<meta property=\"og:type\" content=\"article\" \/>\n<meta property=\"og:title\" content=\"R\u00e9servations cantine et p\u00e9riscolaire. - Ecole Sainte Marie de l&#039;Immacul\u00e9e Saint Nazaire\" \/>\n<meta property=\"og:description\" content=\"R\u00e9servation restauration Menus de la p\u00e9riode \u00e0 la cantine Accueil p\u00e9riscolaire Documentation de l&rsquo;interface d&rsquo;inscription au p\u00e9riscolaire &nbsp;\" \/>\n<meta property=\"og:url\" content=\"https:\/\/saint-nazaire-sainte-marie-immaculee.fr\/index.php\/accueil-periscolaire-du-mercredi\/\" \/>\n<meta property=\"og:site_name\" content=\"Ecole Sainte Marie de l&#039;Immacul\u00e9e Saint Nazaire\" \/>\n<meta property=\"article:publisher\" content=\"https:\/\/www.facebook.com\/ecolesaintemarieimmaculeesaintnazaire\" \/>\n<meta property=\"article:modified_time\" content=\"2025-07-08T16:30:32+00:00\" \/>\n<meta name=\"twitter:card\" content=\"summary_large_image\" \/>\n<meta name=\"twitter:label1\" content=\"Dur\u00e9e de lecture estim\u00e9e\" \/>\n\t<meta name=\"twitter:data1\" content=\"1 minute\" \/>\n<script type=\"application\/ld+json\" class=\"yoast-schema-graph\">{\"@context\":\"https:\/\/schema.org\",\"@graph\":[{\"@type\":\"WebPage\",\"@id\":\"https:\/\/saint-nazaire-sainte-marie-immaculee.fr\/index.php\/accueil-periscolaire-du-mercredi\/\",\"url\":\"https:\/\/saint-nazaire-sainte-marie-immaculee.fr\/index.php\/accueil-periscolaire-du-mercredi\/\",\"name\":\"R\u00e9servations cantine et p\u00e9riscolaire. - Ecole Sainte Marie de l&#039;Immacul\u00e9e Saint Nazaire\",\"isPartOf\":{\"@id\":\"https:\/\/saint-nazaire-sainte-marie-immaculee.fr\/#website\"},\"datePublished\":\"2019-06-25T10:47:38+00:00\",\"dateModified\":\"2025-07-08T16:30:32+00:00\",\"breadcrumb\":{\"@id\":\"https:\/\/saint-nazaire-sainte-marie-immaculee.fr\/index.php\/accueil-periscolaire-du-mercredi\/#breadcrumb\"},\"inLanguage\":\"fr-FR\",\"potentialAction\":[{\"@type\":\"ReadAction\",\"target\":[\"https:\/\/saint-nazaire-sainte-marie-immaculee.fr\/index.php\/accueil-periscolaire-du-mercredi\/\"]}]},{\"@type\":\"BreadcrumbList\",\"@id\":\"https:\/\/saint-nazaire-sainte-marie-immaculee.fr\/index.php\/accueil-periscolaire-du-mercredi\/#breadcrumb\",\"itemListElement\":[{\"@type\":\"ListItem\",\"position\":1,\"name\":\"Accueil\",\"item\":\"https:\/\/saint-nazaire-sainte-marie-immaculee.fr\/\"},{\"@type\":\"ListItem\",\"position\":2,\"name\":\"R\u00e9servations cantine et p\u00e9riscolaire.\"}]},{\"@type\":\"WebSite\",\"@id\":\"https:\/\/saint-nazaire-sainte-marie-immaculee.fr\/#website\",\"url\":\"https:\/\/saint-nazaire-sainte-marie-immaculee.fr\/\",\"name\":\"Ecole Sainte Marie de l&#039;Immacul\u00e9e Saint Nazaire\",\"description\":\"\",\"potentialAction\":[{\"@type\":\"SearchAction\",\"target\":{\"@type\":\"EntryPoint\",\"urlTemplate\":\"https:\/\/saint-nazaire-sainte-marie-immaculee.fr\/?s={search_term_string}\"},\"query-input\":{\"@type\":\"PropertyValueSpecification\",\"valueRequired\":true,\"valueName\":\"search_term_string\"}}],\"inLanguage\":\"fr-FR\"}]}<\/script>\n<!-- \/ Yoast SEO plugin. -->","yoast_head_json":{"title":"R\u00e9servations cantine et p\u00e9riscolaire. - Ecole Sainte Marie de l&#039;Immacul\u00e9e Saint Nazaire","robots":{"index":"index","follow":"follow","max-snippet":"max-snippet:-1","max-image-preview":"max-image-preview:large","max-video-preview":"max-video-preview:-1"},"canonical":"https:\/\/saint-nazaire-sainte-marie-immaculee.fr\/index.php\/accueil-periscolaire-du-mercredi\/","og_locale":"fr_FR","og_type":"article","og_title":"R\u00e9servations cantine et p\u00e9riscolaire. - Ecole Sainte Marie de l&#039;Immacul\u00e9e Saint Nazaire","og_description":"R\u00e9servation restauration Menus de la p\u00e9riode \u00e0 la cantine Accueil p\u00e9riscolaire Documentation de l&rsquo;interface d&rsquo;inscription au p\u00e9riscolaire &nbsp;","og_url":"https:\/\/saint-nazaire-sainte-marie-immaculee.fr\/index.php\/accueil-periscolaire-du-mercredi\/","og_site_name":"Ecole Sainte Marie de l&#039;Immacul\u00e9e Saint Nazaire","article_publisher":"https:\/\/www.facebook.com\/ecolesaintemarieimmaculeesaintnazaire","article_modified_time":"2025-07-08T16:30:32+00:00","twitter_card":"summary_large_image","twitter_misc":{"Dur\u00e9e de lecture estim\u00e9e":"1 minute"},"schema":{"@context":"https:\/\/schema.org","@graph":[{"@type":"WebPage","@id":"https:\/\/saint-nazaire-sainte-marie-immaculee.fr\/index.php\/accueil-periscolaire-du-mercredi\/","url":"https:\/\/saint-nazaire-sainte-marie-immaculee.fr\/index.php\/accueil-periscolaire-du-mercredi\/","name":"R\u00e9servations cantine et p\u00e9riscolaire. - Ecole Sainte Marie de l&#039;Immacul\u00e9e Saint Nazaire","isPartOf":{"@id":"https:\/\/saint-nazaire-sainte-marie-immaculee.fr\/#website"},"datePublished":"2019-06-25T10:47:38+00:00","dateModified":"2025-07-08T16:30:32+00:00","breadcrumb":{"@id":"https:\/\/saint-nazaire-sainte-marie-immaculee.fr\/index.php\/accueil-periscolaire-du-mercredi\/#breadcrumb"},"inLanguage":"fr-FR","potentialAction":[{"@type":"ReadAction","target":["https:\/\/saint-nazaire-sainte-marie-immaculee.fr\/index.php\/accueil-periscolaire-du-mercredi\/"]}]},{"@type":"BreadcrumbList","@id":"https:\/\/saint-nazaire-sainte-marie-immaculee.fr\/index.php\/accueil-periscolaire-du-mercredi\/#breadcrumb","itemListElement":[{"@type":"ListItem","position":1,"name":"Accueil","item":"https:\/\/saint-nazaire-sainte-marie-immaculee.fr\/"},{"@type":"ListItem","position":2,"name":"R\u00e9servations cantine et p\u00e9riscolaire."}]},{"@type":"WebSite","@id":"https:\/\/saint-nazaire-sainte-marie-immaculee.fr\/#website","url":"https:\/\/saint-nazaire-sainte-marie-immaculee.fr\/","name":"Ecole Sainte Marie de l&#039;Immacul\u00e9e Saint Nazaire","description":"","potentialAction":[{"@type":"SearchAction","target":{"@type":"EntryPoint","urlTemplate":"https:\/\/saint-nazaire-sainte-marie-immaculee.fr\/?s={search_term_string}"},"query-input":{"@type":"PropertyValueSpecification","valueRequired":true,"valueName":"search_term_string"}}],"inLanguage":"fr-FR"}]}},"_links":{"self":[{"href":"https:\/\/saint-nazaire-sainte-marie-immaculee.fr\/index.php\/wp-json\/wp\/v2\/pages\/1476"}],"collection":[{"href":"https:\/\/saint-nazaire-sainte-marie-immaculee.fr\/index.php\/wp-json\/wp\/v2\/pages"}],"about":[{"href":"https:\/\/saint-nazaire-sainte-marie-immaculee.fr\/index.php\/wp-json\/wp\/v2\/types\/page"}],"author":[{"embeddable":true,"href":"https:\/\/saint-nazaire-sainte-marie-immaculee.fr\/index.php\/wp-json\/wp\/v2\/users\/3"}],"replies":[{"embeddable":true,"href":"https:\/\/saint-nazaire-sainte-marie-immaculee.fr\/index.php\/wp-json\/wp\/v2\/comments?post=1476"}],"version-history":[{"count":18,"href":"https:\/\/saint-nazaire-sainte-marie-immaculee.fr\/index.php\/wp-json\/wp\/v2\/pages\/1476\/revisions"}],"predecessor-version":[{"id":4292,"href":"https:\/\/saint-nazaire-sainte-marie-immaculee.fr\/index.php\/wp-json\/wp\/v2\/pages\/1476\/revisions\/4292"}],"wp:attachment":[{"href":"https:\/\/saint-nazaire-sainte-marie-immaculee.fr\/index.php\/wp-json\/wp\/v2\/media?parent=1476"}],"curies":[{"name":"wp","href":"https:\/\/api.w.org\/{rel}","templated":true}]}}