{"id":2,"date":"2016-11-03T12:20:59","date_gmt":"2016-11-03T11:20:59","guid":{"rendered":"https:\/\/saint-nazaire-sainte-marie-immaculee.fr\/?page_id=2"},"modified":"2025-08-31T09:24:14","modified_gmt":"2025-08-31T07:24:14","slug":"accueil","status":"publish","type":"page","link":"https:\/\/saint-nazaire-sainte-marie-immaculee.fr\/","title":{"rendered":"Accueil"},"content":{"rendered":"<div id=\"pl-2\"  class=\"panel-layout\" ><div id=\"pg-2-0\"  class=\"panel-grid panel-no-style\" ><div id=\"pgc-2-0-0\"  class=\"panel-grid-cell\" ><div id=\"panel-2-0-0-0\" class=\"so-panel widget widget_sow-editor panel-first-child panel-last-child\" data-index=\"0\" ><div\n\t\t\t\n\t\t\tclass=\"so-widget-sow-editor so-widget-sow-editor-base\"\n\t\t\t\n\t\t><h3 class=\"widget-title\">R\u00e9servation restauration et accueil p\u00e9riscolaire<\/h3>\n<div class=\"siteorigin-widget-tinymce textwidget\">\n\t<p><strong>Restauration<\/strong><\/p>\n<p><a href=\"https:\/\/noefil.fr\/portail?auth_token=YzRhZGUzNzYtOThhNS00Njk2LWJkMTUtYzU3OTFlNzY1MTRh\">https:\/\/noefil.fr\/portail?auth_token=YzRhZGUzNzYtOThhNS00Njk2LWJkMTUtYzU3OTFlNzY1MTRh<\/a><\/p>\n<p><strong>Garderie \/ Accueil p\u00e9riscolaire<br \/>\n<\/strong><\/p>\n<p><a href=\"https:\/\/perisco.saint-nazaire-sainte-marie-immaculee.fr\">https:\/\/perisco.saint-nazaire-sainte-marie-immaculee.fr<\/a><\/p>\n<p><strong><a href=\"https:\/\/perisco.saint-nazaire-sainte-marie-immaculee.fr\/doc_perisco.pdf\" target=\"_blank\" rel=\"noopener\">Documentation accueil p\u00e9riscolaire<\/a><br \/>\n<\/strong><\/p>\n<\/div>\n<\/div><\/div><\/div><div id=\"pgc-2-0-1\"  class=\"panel-grid-cell\" ><div id=\"panel-2-0-1-0\" class=\"so-panel widget widget_sow-editor panel-first-child\" data-index=\"1\" ><div\n\t\t\t\n\t\t\tclass=\"so-widget-sow-editor so-widget-sow-editor-base\"\n\t\t\t\n\t\t><h3 class=\"widget-title\">D\u00e9couvrir l'\u00e9cole Sainte Marie<\/h3>\n<div class=\"siteorigin-widget-tinymce textwidget\">\n\t<p>Mme Julie MICHELS, cheffe d'\u00e9tablissement de l'\u00e9cole Sainte Marie sera heureuse de vous pr\u00e9senter l'\u00e9cole et ses projets sur rendez-vous.<\/p>\nngg_shortcode_0_placeholder\n<\/div>\n<\/div><\/div><div id=\"panel-2-0-1-1\" class=\"so-panel widget widget_sow-editor panel-last-child\" data-index=\"2\" ><div\n\t\t\t\n\t\t\tclass=\"so-widget-sow-editor so-widget-sow-editor-base\"\n\t\t\t\n\t\t><h3 class=\"widget-title\">Je fais un don pour l'\u00e9cole!<\/h3>\n<div class=\"siteorigin-widget-tinymce textwidget\">\n\t<p>En faisant un don \u00e0 la <strong>Fondation de la Providence<\/strong>, propri\u00e9taire des b\u00e2timents de l'\u00e9cole, vous pouvez b\u00e9n\u00e9ficier de d\u00e9ductions fiscales.<\/p>\n<p>Nous vous invitions \u00e0 imprimer et remplir le bon ci-dessous et \u00e0 ne pas oublier d'inscrire le nom de l'\u00e9cole si vous souhaitez que ce don soit affect\u00e9 \u00e0 l'\u00e9cole.<\/p>\n<p>Yoann DAVID, chef d'\u00e9tablissement, se tient \u00e0 votre disposition pour de plus amples informations.<\/p>\n<p>&nbsp;<\/p>\n<a href=\"https:\/\/saint-nazaire-sainte-marie-immaculee.fr\/wp-content\/uploads\/2018\/08\/Don-La-Providence.pdf\" class=\"pdfemb-viewer\" style=\"\" data-width=\"max\" data-height=\"max\" data-toolbar=\"bottom\" data-toolbar-fixed=\"off\">Don La Providence<\/a>\n<\/div>\n<\/div><\/div><\/div><div id=\"pgc-2-0-2\"  class=\"panel-grid-cell\" ><div id=\"panel-2-0-2-0\" class=\"so-panel widget widget_sow-editor panel-first-child\" data-index=\"3\" ><div\n\t\t\t\n\t\t\tclass=\"so-widget-sow-editor so-widget-sow-editor-base\"\n\t\t\t\n\t\t><h3 class=\"widget-title\">Nous contacter<\/h3>\n<div class=\"siteorigin-widget-tinymce textwidget\">\n\t<h3><strong>T\u00e9l\u00e9phone:&nbsp;<\/strong><\/h3>\n<h3>02 40 01 99 01&nbsp;<\/h3>\n<p>(accueil t\u00e9l\u00e9phonique les lundis, mardi, jeudi)<\/p>\n<h3><strong>Courriel:&nbsp;<\/strong><\/h3>\n<h4>ec.st-nazaire.immaculee@ec44.fr<\/h4>\n<\/div>\n<\/div><\/div><div id=\"panel-2-0-2-1\" class=\"so-panel widget widget_sow-editor\" data-index=\"4\" ><div class=\"panel-widget-style panel-widget-style-for-2-0-2-1\" ><div\n\t\t\t\n\t\t\tclass=\"so-widget-sow-editor so-widget-sow-editor-base\"\n\t\t\t\n\t\t>\n<div class=\"siteorigin-widget-tinymce textwidget\">\n\t<h3 style=\"text-align: left;\"><a href=\"https:\/\/saint-nazaire-sainte-marie-immaculee.fr\/index.php\/horaires\/\">Les horaires de l'\u00e9cole<\/a><\/h3>\n<p><img loading=\"lazy\" decoding=\"async\" class=\"wp-image-581 aligncenter\" src=\"https:\/\/saint-nazaire-sainte-marie-immaculee.fr\/wp-content\/uploads\/2017\/08\/clock-2545142_960_720-243x300.png\" alt=\"\" width=\"62\" height=\"77\" srcset=\"https:\/\/saint-nazaire-sainte-marie-immaculee.fr\/wp-content\/uploads\/2017\/08\/clock-2545142_960_720-243x300.png 243w, https:\/\/saint-nazaire-sainte-marie-immaculee.fr\/wp-content\/uploads\/2017\/08\/clock-2545142_960_720.png 584w\" sizes=\"(max-width: 62px) 100vw, 62px\" \/><\/p>\n<\/div>\n<\/div><\/div><\/div><div id=\"panel-2-0-2-2\" class=\"so-panel widget widget_sow-post-carousel panel-last-child\" data-index=\"5\" ><div class=\"panel-widget-style panel-widget-style-for-2-0-2-2\" ><div\n\t\t\t\n\t\t\tclass=\"so-widget-sow-post-carousel so-widget-sow-post-carousel-base-ad93eedad001-2\"\n\t\t\t\n\t\t>\t<div\n\t\tclass=\"sow-post-carousel-wrapper sow-post-carousel-theme-base\"\n\t\tstyle=\"overflow: hidden; max-width: 100%; min-height: 182px\"\n\t>\n\t\t<div class=\"sow-carousel-title has-title\">\n\t<h3 class=\"widget-title\"> Projet \u00e9co-\u00e9cole<\/h3>\t\t<div class=\"sow-carousel-navigation \">\n\t\t\t\t\t\t<a href=\"#\" class=\"sow-carousel-next\" title=\"Suivant\" aria-label=\"Next Posts\" role=\"button\"><\/a>\n\t\t\t\t\t\t<a href=\"#\" class=\"sow-carousel-previous\" title=\"Pr\u00e9c\u00e9dent\" aria-label=\"Previous Posts\" role=\"button\"><\/a>\n\t\t\t\t\t<\/div>\n\t<\/div>\n\n<div class=\"sow-carousel-container \">\n\t\t<div class=\"sow-carousel-wrapper\"\n\t\tdata-dir=\"ltr\"\n\t\tstyle=\"opacity: 0;\"\n\t\tdata-widget=\"post\" data-fetching=\"false\" data-page=\"1\" data-ajax-url=\"https:\/\/saint-nazaire-sainte-marie-immaculee.fr\/wp-admin\/admin-ajax.php?_widgets_nonce=6e608b3277\" data-item_count=\"4\" data-carousel_settings=\"{&quot;loop&quot;:true,&quot;animation&quot;:&quot;Ease&quot;,&quot;animation_speed&quot;:400,&quot;autoplay&quot;:&quot;&quot;,&quot;pauseOnHover&quot;:&quot;&quot;,&quot;autoplaySpeed&quot;:8000,&quot;item_overflow&quot;:true,&quot;autoplay_continuous_scroll&quot;:false}\" data-responsive=\"{&quot;desktop_slides_to_scroll&quot;:1,&quot;tablet_landscape_breakpoint&quot;:1366,&quot;tablet_landscape_slides_to_scroll&quot;:2,&quot;tablet_portrait_breakpoint&quot;:1025,&quot;tablet_portrait_slides_to_scroll&quot;:2,&quot;mobile_breakpoint&quot;:480,&quot;mobile_slides_to_scroll&quot;:1}\" data-variable_width=\"true\" \t>\n\t\t<div\n\t\t\tclass=\"sow-carousel-items\"\n\t\t\t\t\t>\n\t\t\t\t<div class=\"sow-carousel-item\" tabindex=\"-1\" style=\"float: left;\">\n\t\t<div class=\"sow-carousel-thumbnail\">\n\t\t\t\t\t\t\t<a\n\t\t\t\t\thref=\"https:\/\/saint-nazaire-sainte-marie-immaculee.fr\/index.php\/2020\/06\/11\/projet-eco-ecoles-sur-leau\/\"\n\t\t\t\t\tclass=\"sow-carousel-default-thumbnail\"\n\t\t\t\t\t\t\t\t\t\tstyle=\"background-image: url(https:\/\/saint-nazaire-sainte-marie-immaculee.fr\/wp-content\/uploads\/2020\/06\/PQMrExi-_400x400-272x182.jpg)\"\t\t\t\t\taria-labelledby=\"sow-carousel-id-2256\"\n\t\t\t\t\ttabindex=\"-1\"\n\t\t\t\t>\n\t\t\t\t\t<span class=\"overlay\"><\/span>\n\t\t\t\t<\/a>\n\t\t\t\t\t<\/div>\n\t\t<h3 class=\"sow-carousel-item-title\">\n\t\t\t<a\n\t\t\t\thref=\"https:\/\/saint-nazaire-sainte-marie-immaculee.fr\/index.php\/2020\/06\/11\/projet-eco-ecoles-sur-leau\/\"\n\t\t\t\tid=\"sow-carousel-id-2256\"\n\t\t\t\t\t\t\t\ttabindex=\"-1\"\n\t\t\t>\n\n\t\t\t\tAffiches : \u00ab\u00a0Comment \u00e9conomiser l&rsquo;eau\u00a0\u00bb\t\t\t<\/a>\n\t\t<\/h3>\n\t<\/div>\n\t\t<div class=\"sow-carousel-item\" tabindex=\"-1\" style=\"float: left;\">\n\t\t<div class=\"sow-carousel-thumbnail\">\n\t\t\t\t\t\t\t<a\n\t\t\t\t\thref=\"https:\/\/saint-nazaire-sainte-marie-immaculee.fr\/index.php\/2020\/06\/13\/consommation-de-leau-et-problemes\/\"\n\t\t\t\t\tclass=\"sow-carousel-default-thumbnail\"\n\t\t\t\t\t\t\t\t\t\tstyle=\"background-image: url(https:\/\/saint-nazaire-sainte-marie-immaculee.fr\/wp-content\/uploads\/2020\/06\/PQMrExi-_400x400-272x182.jpg)\"\t\t\t\t\taria-labelledby=\"sow-carousel-id-2285\"\n\t\t\t\t\ttabindex=\"-1\"\n\t\t\t\t>\n\t\t\t\t\t<span class=\"overlay\"><\/span>\n\t\t\t\t<\/a>\n\t\t\t\t\t<\/div>\n\t\t<h3 class=\"sow-carousel-item-title\">\n\t\t\t<a\n\t\t\t\thref=\"https:\/\/saint-nazaire-sainte-marie-immaculee.fr\/index.php\/2020\/06\/13\/consommation-de-leau-et-problemes\/\"\n\t\t\t\tid=\"sow-carousel-id-2285\"\n\t\t\t\t\t\t\t\ttabindex=\"-1\"\n\t\t\t>\n\n\t\t\t\tConsommation de l&rsquo;eau et probl\u00e8mes\t\t\t<\/a>\n\t\t<\/h3>\n\t<\/div>\n\t\t<div class=\"sow-carousel-item\" tabindex=\"-1\" style=\"float: left;\">\n\t\t<div class=\"sow-carousel-thumbnail\">\n\t\t\t\t\t\t\t<a\n\t\t\t\t\thref=\"https:\/\/saint-nazaire-sainte-marie-immaculee.fr\/index.php\/2020\/06\/14\/le-chateau-deau\/\"\n\t\t\t\t\tclass=\"sow-carousel-default-thumbnail\"\n\t\t\t\t\t\t\t\t\t\tstyle=\"background-image: url(https:\/\/saint-nazaire-sainte-marie-immaculee.fr\/wp-content\/uploads\/2020\/06\/PQMrExi-_400x400-272x182.jpg)\"\t\t\t\t\taria-labelledby=\"sow-carousel-id-2328\"\n\t\t\t\t\ttabindex=\"-1\"\n\t\t\t\t>\n\t\t\t\t\t<span class=\"overlay\"><\/span>\n\t\t\t\t<\/a>\n\t\t\t\t\t<\/div>\n\t\t<h3 class=\"sow-carousel-item-title\">\n\t\t\t<a\n\t\t\t\thref=\"https:\/\/saint-nazaire-sainte-marie-immaculee.fr\/index.php\/2020\/06\/14\/le-chateau-deau\/\"\n\t\t\t\tid=\"sow-carousel-id-2328\"\n\t\t\t\t\t\t\t\ttabindex=\"-1\"\n\t\t\t>\n\n\t\t\t\tLe ch\u00e2teau d&rsquo;eau\t\t\t<\/a>\n\t\t<\/h3>\n\t<\/div>\n\t\t<div class=\"sow-carousel-item\" tabindex=\"-1\" style=\"float: left;\">\n\t\t<div class=\"sow-carousel-thumbnail\">\n\t\t\t\t\t\t\t<a\n\t\t\t\t\thref=\"https:\/\/saint-nazaire-sainte-marie-immaculee.fr\/index.php\/2021\/07\/04\/oeuvre-dart-eco-ecole\/\"\n\t\t\t\t\tclass=\"sow-carousel-default-thumbnail\"\n\t\t\t\t\t\t\t\t\t\tstyle=\"background-image: url(https:\/\/saint-nazaire-sainte-marie-immaculee.fr\/wp-content\/uploads\/2020\/06\/PQMrExi-_400x400-272x182.jpg)\"\t\t\t\t\taria-labelledby=\"sow-carousel-id-2780\"\n\t\t\t\t\ttabindex=\"-1\"\n\t\t\t\t>\n\t\t\t\t\t<span class=\"overlay\"><\/span>\n\t\t\t\t<\/a>\n\t\t\t\t\t<\/div>\n\t\t<h3 class=\"sow-carousel-item-title\">\n\t\t\t<a\n\t\t\t\thref=\"https:\/\/saint-nazaire-sainte-marie-immaculee.fr\/index.php\/2021\/07\/04\/oeuvre-dart-eco-ecole\/\"\n\t\t\t\tid=\"sow-carousel-id-2780\"\n\t\t\t\t\t\t\t\ttabindex=\"-1\"\n\t\t\t>\n\n\t\t\t\tOeuvre d&rsquo;art \u00e9co-\u00e9cole\t\t\t<\/a>\n\t\t<\/h3>\n\t<\/div>\n\t\t\t<\/div>\n\t\t\t<\/div>\n\n\t<\/div>\n\t\t<input type=\"hidden\" name=\"instance_hash\" value=\"672c382c\"\/>\n\t<\/div>\n<\/div><\/div><\/div><\/div><\/div><\/div>","protected":false},"excerpt":{"rendered":"<p>Restauration https:\/\/noefil.fr\/portail?auth_token=YzRhZGUzNzYtOThhNS00Njk2LWJkMTUtYzU3OTFlNzY1MTRh Garderie \/ Accueil p\u00e9riscolaire https:\/\/perisco.saint-nazaire-sainte-marie-immaculee.fr Documentation accueil p\u00e9riscolaire Mme Julie MICHELS, cheffe d&rsquo;\u00e9tablissement de l&rsquo;\u00e9cole Sainte Marie sera heureuse de vous pr\u00e9senter l&rsquo;\u00e9cole et ses projets sur rendez-vous. En faisant un don \u00e0 la Fondation de la Providence, propri\u00e9taire des b\u00e2timents de l&rsquo;\u00e9cole, vous pouvez b\u00e9n\u00e9ficier de d\u00e9ductions fiscales. Nous vous invitions \u00e0<\/p>\n<p><a href=\"https:\/\/saint-nazaire-sainte-marie-immaculee.fr\/\" class=\"more-link themebutton\">Lire la suite<\/a><\/p>\n","protected":false},"author":1,"featured_media":0,"parent":0,"menu_order":0,"comment_status":"closed","ping_status":"closed","template":"","meta":{"ngg_post_thumbnail":0,"footnotes":""},"yoast_head":"<!-- This site is optimized with the Yoast SEO plugin v23.5 - https:\/\/yoast.com\/wordpress\/plugins\/seo\/ -->\n<title>Accueil - Ecole Sainte Marie de l&#039;Immacul\u00e9e Saint Nazaire<\/title>\n<meta name=\"robots\" content=\"index, follow, max-snippet:-1, max-image-preview:large, max-video-preview:-1\" \/>\n<link rel=\"canonical\" href=\"https:\/\/saint-nazaire-sainte-marie-immaculee.fr\/\" \/>\n<meta property=\"og:locale\" content=\"fr_FR\" \/>\n<meta property=\"og:type\" content=\"article\" \/>\n<meta property=\"og:title\" content=\"Accueil - Ecole Sainte Marie de l&#039;Immacul\u00e9e Saint Nazaire\" \/>\n<meta property=\"og:description\" content=\"Restauration https:\/\/noefil.fr\/portail?auth_token=YzRhZGUzNzYtOThhNS00Njk2LWJkMTUtYzU3OTFlNzY1MTRh Garderie \/ Accueil p\u00e9riscolaire https:\/\/perisco.saint-nazaire-sainte-marie-immaculee.fr Documentation accueil p\u00e9riscolaire Mme Julie MICHELS, cheffe d&#039;\u00e9tablissement de l&#039;\u00e9cole Sainte Marie sera heureuse de vous pr\u00e9senter l&#039;\u00e9cole et ses projets sur rendez-vous. En faisant un don \u00e0 la Fondation de la Providence, propri\u00e9taire des b\u00e2timents de l&#039;\u00e9cole, vous pouvez b\u00e9n\u00e9ficier de d\u00e9ductions fiscales. Nous vous invitions \u00e0Lire la suite\" \/>\n<meta property=\"og:url\" content=\"https:\/\/saint-nazaire-sainte-marie-immaculee.fr\/\" \/>\n<meta property=\"og:site_name\" content=\"Ecole Sainte Marie de l&#039;Immacul\u00e9e Saint Nazaire\" \/>\n<meta property=\"article:publisher\" content=\"https:\/\/www.facebook.com\/ecolesaintemarieimmaculeesaintnazaire\" \/>\n<meta property=\"article:modified_time\" content=\"2025-08-31T07:24:14+00:00\" \/>\n<meta property=\"og:image\" content=\"https:\/\/saint-nazaire-sainte-marie-immaculee.fr\/wp-content\/gallery\/ecole\/IMG_20170113_105645825.jpg\" \/>\n<meta name=\"twitter:card\" content=\"summary_large_image\" \/>\n<meta name=\"twitter:label1\" content=\"Dur\u00e9e de lecture estim\u00e9e\" \/>\n\t<meta name=\"twitter:data1\" content=\"2 minutes\" \/>\n<script type=\"application\/ld+json\" class=\"yoast-schema-graph\">{\"@context\":\"https:\/\/schema.org\",\"@graph\":[{\"@type\":\"WebPage\",\"@id\":\"https:\/\/saint-nazaire-sainte-marie-immaculee.fr\/\",\"url\":\"https:\/\/saint-nazaire-sainte-marie-immaculee.fr\/\",\"name\":\"Accueil - Ecole Sainte Marie de l&#039;Immacul\u00e9e Saint Nazaire\",\"isPartOf\":{\"@id\":\"https:\/\/saint-nazaire-sainte-marie-immaculee.fr\/#website\"},\"primaryImageOfPage\":{\"@id\":\"https:\/\/saint-nazaire-sainte-marie-immaculee.fr\/#primaryimage\"},\"image\":{\"@id\":\"https:\/\/saint-nazaire-sainte-marie-immaculee.fr\/#primaryimage\"},\"thumbnailUrl\":\"https:\/\/saint-nazaire-sainte-marie-immaculee.fr\/wp-content\/gallery\/ecole\/IMG_20170113_105645825.jpg\",\"datePublished\":\"2016-11-03T11:20:59+00:00\",\"dateModified\":\"2025-08-31T07:24:14+00:00\",\"breadcrumb\":{\"@id\":\"https:\/\/saint-nazaire-sainte-marie-immaculee.fr\/#breadcrumb\"},\"inLanguage\":\"fr-FR\",\"potentialAction\":[{\"@type\":\"ReadAction\",\"target\":[\"https:\/\/saint-nazaire-sainte-marie-immaculee.fr\/\"]}]},{\"@type\":\"ImageObject\",\"inLanguage\":\"fr-FR\",\"@id\":\"https:\/\/saint-nazaire-sainte-marie-immaculee.fr\/#primaryimage\",\"url\":\"https:\/\/saint-nazaire-sainte-marie-immaculee.fr\/wp-content\/gallery\/ecole\/IMG_20170113_105645825.jpg\",\"contentUrl\":\"https:\/\/saint-nazaire-sainte-marie-immaculee.fr\/wp-content\/gallery\/ecole\/IMG_20170113_105645825.jpg\"},{\"@type\":\"BreadcrumbList\",\"@id\":\"https:\/\/saint-nazaire-sainte-marie-immaculee.fr\/#breadcrumb\",\"itemListElement\":[{\"@type\":\"ListItem\",\"position\":1,\"name\":\"Accueil\",\"item\":\"https:\/\/saint-nazaire-sainte-marie-immaculee.fr\/\"},{\"@type\":\"ListItem\",\"position\":2,\"name\":\"Accueil\"}]},{\"@type\":\"WebSite\",\"@id\":\"https:\/\/saint-nazaire-sainte-marie-immaculee.fr\/#website\",\"url\":\"https:\/\/saint-nazaire-sainte-marie-immaculee.fr\/\",\"name\":\"Ecole Sainte Marie de l&#039;Immacul\u00e9e Saint Nazaire\",\"description\":\"\",\"potentialAction\":[{\"@type\":\"SearchAction\",\"target\":{\"@type\":\"EntryPoint\",\"urlTemplate\":\"https:\/\/saint-nazaire-sainte-marie-immaculee.fr\/?s={search_term_string}\"},\"query-input\":{\"@type\":\"PropertyValueSpecification\",\"valueRequired\":true,\"valueName\":\"search_term_string\"}}],\"inLanguage\":\"fr-FR\"}]}<\/script>\n<!-- \/ Yoast SEO plugin. -->","yoast_head_json":{"title":"Accueil - Ecole Sainte Marie de l&#039;Immacul\u00e9e Saint Nazaire","robots":{"index":"index","follow":"follow","max-snippet":"max-snippet:-1","max-image-preview":"max-image-preview:large","max-video-preview":"max-video-preview:-1"},"canonical":"https:\/\/saint-nazaire-sainte-marie-immaculee.fr\/","og_locale":"fr_FR","og_type":"article","og_title":"Accueil - Ecole Sainte Marie de l&#039;Immacul\u00e9e Saint Nazaire","og_description":"Restauration https:\/\/noefil.fr\/portail?auth_token=YzRhZGUzNzYtOThhNS00Njk2LWJkMTUtYzU3OTFlNzY1MTRh Garderie \/ Accueil p\u00e9riscolaire https:\/\/perisco.saint-nazaire-sainte-marie-immaculee.fr Documentation accueil p\u00e9riscolaire Mme Julie MICHELS, cheffe d'\u00e9tablissement de l'\u00e9cole Sainte Marie sera heureuse de vous pr\u00e9senter l'\u00e9cole et ses projets sur rendez-vous. En faisant un don \u00e0 la Fondation de la Providence, propri\u00e9taire des b\u00e2timents de l'\u00e9cole, vous pouvez b\u00e9n\u00e9ficier de d\u00e9ductions fiscales. Nous vous invitions \u00e0Lire la suite","og_url":"https:\/\/saint-nazaire-sainte-marie-immaculee.fr\/","og_site_name":"Ecole Sainte Marie de l&#039;Immacul\u00e9e Saint Nazaire","article_publisher":"https:\/\/www.facebook.com\/ecolesaintemarieimmaculeesaintnazaire","article_modified_time":"2025-08-31T07:24:14+00:00","og_image":[{"url":"https:\/\/saint-nazaire-sainte-marie-immaculee.fr\/wp-content\/gallery\/ecole\/IMG_20170113_105645825.jpg"}],"twitter_card":"summary_large_image","twitter_misc":{"Dur\u00e9e de lecture estim\u00e9e":"2 minutes"},"schema":{"@context":"https:\/\/schema.org","@graph":[{"@type":"WebPage","@id":"https:\/\/saint-nazaire-sainte-marie-immaculee.fr\/","url":"https:\/\/saint-nazaire-sainte-marie-immaculee.fr\/","name":"Accueil - Ecole Sainte Marie de l&#039;Immacul\u00e9e Saint Nazaire","isPartOf":{"@id":"https:\/\/saint-nazaire-sainte-marie-immaculee.fr\/#website"},"primaryImageOfPage":{"@id":"https:\/\/saint-nazaire-sainte-marie-immaculee.fr\/#primaryimage"},"image":{"@id":"https:\/\/saint-nazaire-sainte-marie-immaculee.fr\/#primaryimage"},"thumbnailUrl":"https:\/\/saint-nazaire-sainte-marie-immaculee.fr\/wp-content\/gallery\/ecole\/IMG_20170113_105645825.jpg","datePublished":"2016-11-03T11:20:59+00:00","dateModified":"2025-08-31T07:24:14+00:00","breadcrumb":{"@id":"https:\/\/saint-nazaire-sainte-marie-immaculee.fr\/#breadcrumb"},"inLanguage":"fr-FR","potentialAction":[{"@type":"ReadAction","target":["https:\/\/saint-nazaire-sainte-marie-immaculee.fr\/"]}]},{"@type":"ImageObject","inLanguage":"fr-FR","@id":"https:\/\/saint-nazaire-sainte-marie-immaculee.fr\/#primaryimage","url":"https:\/\/saint-nazaire-sainte-marie-immaculee.fr\/wp-content\/gallery\/ecole\/IMG_20170113_105645825.jpg","contentUrl":"https:\/\/saint-nazaire-sainte-marie-immaculee.fr\/wp-content\/gallery\/ecole\/IMG_20170113_105645825.jpg"},{"@type":"BreadcrumbList","@id":"https:\/\/saint-nazaire-sainte-marie-immaculee.fr\/#breadcrumb","itemListElement":[{"@type":"ListItem","position":1,"name":"Accueil","item":"https:\/\/saint-nazaire-sainte-marie-immaculee.fr\/"},{"@type":"ListItem","position":2,"name":"Accueil"}]},{"@type":"WebSite","@id":"https:\/\/saint-nazaire-sainte-marie-immaculee.fr\/#website","url":"https:\/\/saint-nazaire-sainte-marie-immaculee.fr\/","name":"Ecole Sainte Marie de l&#039;Immacul\u00e9e Saint Nazaire","description":"","potentialAction":[{"@type":"SearchAction","target":{"@type":"EntryPoint","urlTemplate":"https:\/\/saint-nazaire-sainte-marie-immaculee.fr\/?s={search_term_string}"},"query-input":{"@type":"PropertyValueSpecification","valueRequired":true,"valueName":"search_term_string"}}],"inLanguage":"fr-FR"}]}},"_links":{"self":[{"href":"https:\/\/saint-nazaire-sainte-marie-immaculee.fr\/index.php\/wp-json\/wp\/v2\/pages\/2"}],"collection":[{"href":"https:\/\/saint-nazaire-sainte-marie-immaculee.fr\/index.php\/wp-json\/wp\/v2\/pages"}],"about":[{"href":"https:\/\/saint-nazaire-sainte-marie-immaculee.fr\/index.php\/wp-json\/wp\/v2\/types\/page"}],"author":[{"embeddable":true,"href":"https:\/\/saint-nazaire-sainte-marie-immaculee.fr\/index.php\/wp-json\/wp\/v2\/users\/1"}],"replies":[{"embeddable":true,"href":"https:\/\/saint-nazaire-sainte-marie-immaculee.fr\/index.php\/wp-json\/wp\/v2\/comments?post=2"}],"version-history":[{"count":123,"href":"https:\/\/saint-nazaire-sainte-marie-immaculee.fr\/index.php\/wp-json\/wp\/v2\/pages\/2\/revisions"}],"predecessor-version":[{"id":4291,"href":"https:\/\/saint-nazaire-sainte-marie-immaculee.fr\/index.php\/wp-json\/wp\/v2\/pages\/2\/revisions\/4291"}],"wp:attachment":[{"href":"https:\/\/saint-nazaire-sainte-marie-immaculee.fr\/index.php\/wp-json\/wp\/v2\/media?parent=2"}],"curies":[{"name":"wp","href":"https:\/\/api.w.org\/{rel}","templated":true}]}}