{"id":670,"date":"2017-11-21T17:40:30","date_gmt":"2017-11-21T16:40:30","guid":{"rendered":"https:\/\/saint-nazaire-sainte-marie-immaculee.fr\/?page_id=670"},"modified":"2025-05-25T10:08:17","modified_gmt":"2025-05-25T08:08:17","slug":"lapel","status":"publish","type":"page","link":"https:\/\/saint-nazaire-sainte-marie-immaculee.fr\/index.php\/notre-ecole\/lapel\/","title":{"rendered":"L&rsquo;APEL"},"content":{"rendered":"<p>Bienvenue \u00e0 l\u2019APEL de l\u2019\u00e9cole Sainte Marie de l\u2019Immacul\u00e9e<\/p>\n<p>&nbsp;<\/p>\n<p><strong><u>L\u2019APEL C\u2019EST QUOI&nbsp;<\/u><\/strong><strong>?<\/strong><\/p>\n<p><strong>A<\/strong>ssociation des <strong>P<\/strong>arents d\u2019<strong>E<\/strong>l\u00e8ves de l\u2019<strong>E<\/strong>nseignement <strong>L<\/strong>ibre.<\/p>\n<p>C\u2019est une association r\u00e9gie par la loi 1901.<\/p>\n<p>Elle travaille en partenariat avec le chef d\u2019\u00e9tablissement, l\u2019\u00e9quipe enseignante, l\u2019APEL d\u00e9partementale et l\u2019OGEC.<\/p>\n<p><u>&nbsp;<\/u><\/p>\n<p><strong><u>QUI EST MEMBRE APEL&nbsp;<\/u><\/strong><strong>?<\/strong><\/p>\n<p>Tous les parents d\u2019\u00e9l\u00e8ves ayant acquitt\u00e9 leur cotisation annuelle.<\/p>\n<p>Cette cotisation permet l\u2019abonnement bimestriel au magazine \u00ab&nbsp;Famille et Education&nbsp;\u00bb.<\/p>\n<p>&nbsp;<\/p>\n<p><strong><u>NOTRE EQUIPE<\/u><\/strong><\/p>\n<p>Pr\u00e9sidente&nbsp;: St\u00e9phanie Colon&nbsp; Stephanie.Ena07@yahoo.com (maman de Emma en CE2 et Nathan en PS)<\/p>\n<p>Vice-pr\u00e9sidente&nbsp;: Sabrina Lorent (maman de Nolann Guillard en CM1)<\/p>\n<p>Tr\u00e9sori\u00e8re&nbsp;: Ang\u00e9lina Binet (maman de Aimy en CM1)<\/p>\n<p>Tr\u00e9sori\u00e8re adjointe&nbsp;: Marie-Aude Vall\u00e9e (maman de Sacha en CE1 et Lila en MS)<\/p>\n<p>Secr\u00e9taire&nbsp;: Agn\u00e8s Raimbault (maman de Pierre en CM1)<\/p>\n<p>Secr\u00e9taire adjointe&nbsp;: C\u00e9line Abraham (maman de Cl\u00e9mence en CE1 et Elise GS)<\/p>\n<p><strong>&nbsp;<\/strong><\/p>\n<p>Et tous les membres du Conseil d\u2019Administration<\/p>\n<p>&nbsp;<\/p>\n<p>Vous pouvez nous contacter sur la bo\u00eete mail&nbsp;: apelsaintemarie44600@gmail.com<\/p>\n<p>&nbsp;<\/p>\n<p><strong><u>NOS MISSIONS<\/u><\/strong><\/p>\n<p>&nbsp;<\/p>\n<p><strong>L\u2019APEL accueille<\/strong> les parents tout au long de l\u2019ann\u00e9e lors des r\u00e9unions APEL, des rencontres parents-enseignants en d\u00e9but d\u2019ann\u00e9e scolaire et de la porte ouverte.<\/p>\n<p>&nbsp;<\/p>\n<p><strong>L\u2019APEL repr\u00e9sente <\/strong>les parents et contribue aux instances d\u2019information et de concertation de l\u2019\u00e9tablissement (Conseil d\u2019\u00e9tablissement, Conseil d\u2019administration, OGEC)<\/p>\n<p><strong>&nbsp;<\/strong><\/p>\n<p><strong>L\u2019APEL m\u00e8ne des actions<\/strong> pour aider au financement des projets p\u00e9dagogiques organis\u00e9s par les enseignants&nbsp;: vente g\u00e2teaux Bijou, chocolats de No\u00ebl, calendrier, actions Initiatives, kermesse \u2026<\/p>\n<p><strong>L\u2019APEL participe \u00e0 la vie de l\u2019\u00e9tablissement&nbsp;: <\/strong>Porte ouverte, pot d\u2019accueil \u00e0 la rentr\u00e9e, go\u00fbter de No\u00ebl, soir\u00e9e conf\u00e9rence<\/p>\n<p><strong>Quel que soit votre disponibilit\u00e9, n\u2019h\u00e9sitez pas \u00e0 nous rejoindre et \u00e0 apporter vos id\u00e9es et votre aide. Nous serons heureux de vous accueillir.&nbsp;&nbsp; <\/strong><\/p>\n","protected":false},"excerpt":{"rendered":"<p>Bienvenue \u00e0 l\u2019APEL de l\u2019\u00e9cole Sainte Marie de l\u2019Immacul\u00e9e &nbsp; L\u2019APEL C\u2019EST QUOI&nbsp;? Association des Parents d\u2019El\u00e8ves de l\u2019Enseignement Libre. C\u2019est une association r\u00e9gie par la loi 1901. Elle travaille en partenariat avec le chef d\u2019\u00e9tablissement, l\u2019\u00e9quipe enseignante, l\u2019APEL d\u00e9partementale et l\u2019OGEC. &nbsp; QUI EST MEMBRE APEL&nbsp;? Tous les parents d\u2019\u00e9l\u00e8ves ayant acquitt\u00e9 leur cotisation<\/p>\n<p><a href=\"https:\/\/saint-nazaire-sainte-marie-immaculee.fr\/index.php\/notre-ecole\/lapel\/\" class=\"more-link themebutton\">Lire la suite<\/a><\/p>\n","protected":false},"author":3,"featured_media":0,"parent":72,"menu_order":0,"comment_status":"closed","ping_status":"closed","template":"","meta":{"ngg_post_thumbnail":0,"footnotes":""},"yoast_head":"<!-- This site is optimized with the Yoast SEO plugin v23.5 - https:\/\/yoast.com\/wordpress\/plugins\/seo\/ -->\n<title>L&#039;APEL - Ecole Sainte Marie de l&#039;Immacul\u00e9e Saint Nazaire<\/title>\n<meta name=\"robots\" content=\"index, follow, max-snippet:-1, max-image-preview:large, max-video-preview:-1\" \/>\n<link rel=\"canonical\" href=\"https:\/\/saint-nazaire-sainte-marie-immaculee.fr\/index.php\/notre-ecole\/lapel\/\" \/>\n<meta property=\"og:locale\" content=\"fr_FR\" \/>\n<meta property=\"og:type\" content=\"article\" \/>\n<meta property=\"og:title\" content=\"L&#039;APEL - Ecole Sainte Marie de l&#039;Immacul\u00e9e Saint Nazaire\" \/>\n<meta property=\"og:description\" content=\"Bienvenue \u00e0 l\u2019APEL de l\u2019\u00e9cole Sainte Marie de l\u2019Immacul\u00e9e &nbsp; L\u2019APEL C\u2019EST QUOI&nbsp;? Association des Parents d\u2019El\u00e8ves de l\u2019Enseignement Libre. C\u2019est une association r\u00e9gie par la loi 1901. Elle travaille en partenariat avec le chef d\u2019\u00e9tablissement, l\u2019\u00e9quipe enseignante, l\u2019APEL d\u00e9partementale et l\u2019OGEC. &nbsp; QUI EST MEMBRE APEL&nbsp;? Tous les parents d\u2019\u00e9l\u00e8ves ayant acquitt\u00e9 leur cotisationLire la suite\" \/>\n<meta property=\"og:url\" content=\"https:\/\/saint-nazaire-sainte-marie-immaculee.fr\/index.php\/notre-ecole\/lapel\/\" \/>\n<meta property=\"og:site_name\" content=\"Ecole Sainte Marie de l&#039;Immacul\u00e9e Saint Nazaire\" \/>\n<meta property=\"article:publisher\" content=\"https:\/\/www.facebook.com\/ecolesaintemarieimmaculeesaintnazaire\" \/>\n<meta property=\"article:modified_time\" content=\"2025-05-25T08:08:17+00:00\" \/>\n<meta name=\"twitter:card\" content=\"summary_large_image\" \/>\n<meta name=\"twitter:label1\" content=\"Dur\u00e9e de lecture estim\u00e9e\" \/>\n\t<meta name=\"twitter:data1\" content=\"2 minutes\" \/>\n<script type=\"application\/ld+json\" class=\"yoast-schema-graph\">{\"@context\":\"https:\/\/schema.org\",\"@graph\":[{\"@type\":\"WebPage\",\"@id\":\"https:\/\/saint-nazaire-sainte-marie-immaculee.fr\/index.php\/notre-ecole\/lapel\/\",\"url\":\"https:\/\/saint-nazaire-sainte-marie-immaculee.fr\/index.php\/notre-ecole\/lapel\/\",\"name\":\"L'APEL - Ecole Sainte Marie de l&#039;Immacul\u00e9e Saint Nazaire\",\"isPartOf\":{\"@id\":\"https:\/\/saint-nazaire-sainte-marie-immaculee.fr\/#website\"},\"datePublished\":\"2017-11-21T16:40:30+00:00\",\"dateModified\":\"2025-05-25T08:08:17+00:00\",\"breadcrumb\":{\"@id\":\"https:\/\/saint-nazaire-sainte-marie-immaculee.fr\/index.php\/notre-ecole\/lapel\/#breadcrumb\"},\"inLanguage\":\"fr-FR\",\"potentialAction\":[{\"@type\":\"ReadAction\",\"target\":[\"https:\/\/saint-nazaire-sainte-marie-immaculee.fr\/index.php\/notre-ecole\/lapel\/\"]}]},{\"@type\":\"BreadcrumbList\",\"@id\":\"https:\/\/saint-nazaire-sainte-marie-immaculee.fr\/index.php\/notre-ecole\/lapel\/#breadcrumb\",\"itemListElement\":[{\"@type\":\"ListItem\",\"position\":1,\"name\":\"Accueil\",\"item\":\"https:\/\/saint-nazaire-sainte-marie-immaculee.fr\/\"},{\"@type\":\"ListItem\",\"position\":2,\"name\":\"Les b\u00e2timents\",\"item\":\"https:\/\/saint-nazaire-sainte-marie-immaculee.fr\/index.php\/notre-ecole\/\"},{\"@type\":\"ListItem\",\"position\":3,\"name\":\"L&rsquo;APEL\"}]},{\"@type\":\"WebSite\",\"@id\":\"https:\/\/saint-nazaire-sainte-marie-immaculee.fr\/#website\",\"url\":\"https:\/\/saint-nazaire-sainte-marie-immaculee.fr\/\",\"name\":\"Ecole Sainte Marie de l&#039;Immacul\u00e9e Saint Nazaire\",\"description\":\"\",\"potentialAction\":[{\"@type\":\"SearchAction\",\"target\":{\"@type\":\"EntryPoint\",\"urlTemplate\":\"https:\/\/saint-nazaire-sainte-marie-immaculee.fr\/?s={search_term_string}\"},\"query-input\":{\"@type\":\"PropertyValueSpecification\",\"valueRequired\":true,\"valueName\":\"search_term_string\"}}],\"inLanguage\":\"fr-FR\"}]}<\/script>\n<!-- \/ Yoast SEO plugin. -->","yoast_head_json":{"title":"L'APEL - Ecole Sainte Marie de l&#039;Immacul\u00e9e Saint Nazaire","robots":{"index":"index","follow":"follow","max-snippet":"max-snippet:-1","max-image-preview":"max-image-preview:large","max-video-preview":"max-video-preview:-1"},"canonical":"https:\/\/saint-nazaire-sainte-marie-immaculee.fr\/index.php\/notre-ecole\/lapel\/","og_locale":"fr_FR","og_type":"article","og_title":"L'APEL - Ecole Sainte Marie de l&#039;Immacul\u00e9e Saint Nazaire","og_description":"Bienvenue \u00e0 l\u2019APEL de l\u2019\u00e9cole Sainte Marie de l\u2019Immacul\u00e9e &nbsp; L\u2019APEL C\u2019EST QUOI&nbsp;? Association des Parents d\u2019El\u00e8ves de l\u2019Enseignement Libre. C\u2019est une association r\u00e9gie par la loi 1901. Elle travaille en partenariat avec le chef d\u2019\u00e9tablissement, l\u2019\u00e9quipe enseignante, l\u2019APEL d\u00e9partementale et l\u2019OGEC. &nbsp; QUI EST MEMBRE APEL&nbsp;? Tous les parents d\u2019\u00e9l\u00e8ves ayant acquitt\u00e9 leur cotisationLire la suite","og_url":"https:\/\/saint-nazaire-sainte-marie-immaculee.fr\/index.php\/notre-ecole\/lapel\/","og_site_name":"Ecole Sainte Marie de l&#039;Immacul\u00e9e Saint Nazaire","article_publisher":"https:\/\/www.facebook.com\/ecolesaintemarieimmaculeesaintnazaire","article_modified_time":"2025-05-25T08:08:17+00:00","twitter_card":"summary_large_image","twitter_misc":{"Dur\u00e9e de lecture estim\u00e9e":"2 minutes"},"schema":{"@context":"https:\/\/schema.org","@graph":[{"@type":"WebPage","@id":"https:\/\/saint-nazaire-sainte-marie-immaculee.fr\/index.php\/notre-ecole\/lapel\/","url":"https:\/\/saint-nazaire-sainte-marie-immaculee.fr\/index.php\/notre-ecole\/lapel\/","name":"L'APEL - Ecole Sainte Marie de l&#039;Immacul\u00e9e Saint Nazaire","isPartOf":{"@id":"https:\/\/saint-nazaire-sainte-marie-immaculee.fr\/#website"},"datePublished":"2017-11-21T16:40:30+00:00","dateModified":"2025-05-25T08:08:17+00:00","breadcrumb":{"@id":"https:\/\/saint-nazaire-sainte-marie-immaculee.fr\/index.php\/notre-ecole\/lapel\/#breadcrumb"},"inLanguage":"fr-FR","potentialAction":[{"@type":"ReadAction","target":["https:\/\/saint-nazaire-sainte-marie-immaculee.fr\/index.php\/notre-ecole\/lapel\/"]}]},{"@type":"BreadcrumbList","@id":"https:\/\/saint-nazaire-sainte-marie-immaculee.fr\/index.php\/notre-ecole\/lapel\/#breadcrumb","itemListElement":[{"@type":"ListItem","position":1,"name":"Accueil","item":"https:\/\/saint-nazaire-sainte-marie-immaculee.fr\/"},{"@type":"ListItem","position":2,"name":"Les b\u00e2timents","item":"https:\/\/saint-nazaire-sainte-marie-immaculee.fr\/index.php\/notre-ecole\/"},{"@type":"ListItem","position":3,"name":"L&rsquo;APEL"}]},{"@type":"WebSite","@id":"https:\/\/saint-nazaire-sainte-marie-immaculee.fr\/#website","url":"https:\/\/saint-nazaire-sainte-marie-immaculee.fr\/","name":"Ecole Sainte Marie de l&#039;Immacul\u00e9e Saint Nazaire","description":"","potentialAction":[{"@type":"SearchAction","target":{"@type":"EntryPoint","urlTemplate":"https:\/\/saint-nazaire-sainte-marie-immaculee.fr\/?s={search_term_string}"},"query-input":{"@type":"PropertyValueSpecification","valueRequired":true,"valueName":"search_term_string"}}],"inLanguage":"fr-FR"}]}},"_links":{"self":[{"href":"https:\/\/saint-nazaire-sainte-marie-immaculee.fr\/index.php\/wp-json\/wp\/v2\/pages\/670"}],"collection":[{"href":"https:\/\/saint-nazaire-sainte-marie-immaculee.fr\/index.php\/wp-json\/wp\/v2\/pages"}],"about":[{"href":"https:\/\/saint-nazaire-sainte-marie-immaculee.fr\/index.php\/wp-json\/wp\/v2\/types\/page"}],"author":[{"embeddable":true,"href":"https:\/\/saint-nazaire-sainte-marie-immaculee.fr\/index.php\/wp-json\/wp\/v2\/users\/3"}],"replies":[{"embeddable":true,"href":"https:\/\/saint-nazaire-sainte-marie-immaculee.fr\/index.php\/wp-json\/wp\/v2\/comments?post=670"}],"version-history":[{"count":1,"href":"https:\/\/saint-nazaire-sainte-marie-immaculee.fr\/index.php\/wp-json\/wp\/v2\/pages\/670\/revisions"}],"predecessor-version":[{"id":4138,"href":"https:\/\/saint-nazaire-sainte-marie-immaculee.fr\/index.php\/wp-json\/wp\/v2\/pages\/670\/revisions\/4138"}],"up":[{"embeddable":true,"href":"https:\/\/saint-nazaire-sainte-marie-immaculee.fr\/index.php\/wp-json\/wp\/v2\/pages\/72"}],"wp:attachment":[{"href":"https:\/\/saint-nazaire-sainte-marie-immaculee.fr\/index.php\/wp-json\/wp\/v2\/media?parent=670"}],"curies":[{"name":"wp","href":"https:\/\/api.w.org\/{rel}","templated":true}]}}